
{"id":213,"date":"2013-03-26T13:26:47","date_gmt":"2013-03-26T13:26:47","guid":{"rendered":"http:\/\/www.solenne-paidassi.com\/v2\/?page_id=213"},"modified":"2021-08-16T08:31:40","modified_gmt":"2021-08-16T08:31:40","slug":"presse","status":"publish","type":"page","link":"https:\/\/www.solenne-paidassi.com\/?page_id=213","title":{"rendered":"Presse"},"content":{"rendered":"<p>\u00ab Au c\u0153ur du concert, le coup de foudre : la violoniste, Solenne Pa\u00efdassi faisant chanter le fameux Concerto de Mendelssohn comme jamais on ne l&#8217;a entendu. Belle \u00e0 voir et \u00e0 entendre. Un archet f\u00e9\u00e9rique dans l&#8217;expression romantique. Une miraculeuse spontan\u00e9it\u00e9 alli\u00e9e \u00e0 une perfection technique. \u00bb<\/p>\n<p>Nice Matin &#8211; 21 March 2012<br \/>\n(\u00e0 l&#8217;issue du concert donn\u00e9 le 18 mars 2012, avec l&#8217;orchestre de Cannes dirig\u00e9 par Philippe Bender)<\/p>\n<p>&#8221; Solenne Pa\u00efdassi a gagn\u00e9 le Concours International Baltique II de Violon. {&#8230;} Elle a gagn\u00e9 gr\u00e2ce \u00e0 son style d&#8217;interpr\u00e9tation tr\u00e8s intime et sa joie spontan\u00e9e de faire de la musique. Elle a \u00e9galement d\u00e9montr\u00e9 une grande richesse de son et une grande diversit\u00e9 de nuances, du piano subtil au grand forte romantique.\u201c<\/p>\n<p>The Strad Magazine &#8211; F\u00e9vrier 2008<\/p>\n<p>\u00ab\u00a0Le triomphe de la lumi\u00e8re. La souplesse et la g\u00e9n\u00e9rosit\u00e9 de la soliste s&#8217;y expriment sans mani\u00e9risme d\u00e8s l&#8217;entame. On s&#8217;y d\u00e9lecte d&#8217;une corde de mi aff\u00fbt\u00e9e et chaleureuse \u00e0 la fois. Le violon plane ensuite au-dessus d&#8217;une \u00e9l\u00e9gante barcarolle et offre un \u00e9loquent discours dans le maestoso moderato, avec un souci de clart\u00e9 jusque dans les arp\u00e8ges fusants.\u00a0\u00bb<\/p>\n<p>Derni\u00e8res Nouvelles d\u2019Alsace, Christian Wolff &#8211; Juin 2012<\/p>\n<p>(\u00e0 propos du concert du 19 juin 2012 avec l\u2019Orchestre Sinfonia Varsovia, dir. Theodor Guschlbauer)<\/p>\n","protected":false},"excerpt":{"rendered":"<p>\u00ab Au c\u0153ur du concert, le coup de foudre : la violoniste, Solenne Pa\u00efdassi faisant chanter le fameux Concerto de Mendelssohn comme jamais on ne l&#8217;a entendu. Belle \u00e0 voir et \u00e0 entendre. Un archet f\u00e9\u00e9rique dans l&#8217;expression romantique. Une miraculeuse spontan\u00e9it\u00e9 alli\u00e9e \u00e0 une [&hellip;]<\/p>\n","protected":false},"author":4,"featured_media":0,"parent":0,"menu_order":0,"comment_status":"open","ping_status":"closed","template":"","meta":[],"_links":{"self":[{"href":"https:\/\/www.solenne-paidassi.com\/index.php?rest_route=\/wp\/v2\/pages\/213"}],"collection":[{"href":"https:\/\/www.solenne-paidassi.com\/index.php?rest_route=\/wp\/v2\/pages"}],"about":[{"href":"https:\/\/www.solenne-paidassi.com\/index.php?rest_route=\/wp\/v2\/types\/page"}],"author":[{"embeddable":true,"href":"https:\/\/www.solenne-paidassi.com\/index.php?rest_route=\/wp\/v2\/users\/4"}],"replies":[{"embeddable":true,"href":"https:\/\/www.solenne-paidassi.com\/index.php?rest_route=%2Fwp%2Fv2%2Fcomments&post=213"}],"version-history":[{"count":12,"href":"https:\/\/www.solenne-paidassi.com\/index.php?rest_route=\/wp\/v2\/pages\/213\/revisions"}],"predecessor-version":[{"id":1219,"href":"https:\/\/www.solenne-paidassi.com\/index.php?rest_route=\/wp\/v2\/pages\/213\/revisions\/1219"}],"wp:attachment":[{"href":"https:\/\/www.solenne-paidassi.com\/index.php?rest_route=%2Fwp%2Fv2%2Fmedia&parent=213"}],"curies":[{"name":"wp","href":"https:\/\/api.w.org\/{rel}","templated":true}]}}