
{"id":195,"date":"2013-03-22T14:51:41","date_gmt":"2013-03-22T14:51:41","guid":{"rendered":"http:\/\/www.solenne-paidassi.com\/v2\/?page_id=195"},"modified":"2018-02-05T16:37:58","modified_gmt":"2018-02-05T16:37:58","slug":"telechargements","status":"publish","type":"page","link":"https:\/\/www.solenne-paidassi.com\/?page_id=195","title":{"rendered":"T\u00e9l\u00e9chargement"},"content":{"rendered":"<p><em>Dossiers de Presse:<\/em><\/p>\n<p>Dossier de Presse Fran\u00e7ais:\u00a0<a href=\"http:\/\/www.solenne-paidassi.com\/wp-content\/uploads\/2018\/02\/S.-Pai\u0308dassi-Dossier-de-presse-2018.pdf\" rel=\"noopener\" target=\"_blank\">T\u00e9l\u00e9charger<\/a><\/p>\n<p>Dossier de Presse Anglais:\u00a0<a href=\"http:\/\/www.solenne-paidassi.com\/wp-content\/uploads\/2018\/02\/S.-Pai\u0308dassis-Press-kit-2018.pdf\" rel=\"noopener\" target=\"_blank\">T\u00e9l\u00e9charger<br \/>\n<\/a><br \/>\n<em>Biographies:<\/em><\/p>\n<p>CV Fran\u00e7ais: <a href=\"http:\/\/www.solenne-paidassi.com\/wp-content\/uploads\/2018\/02\/Bio-Solenne-Pai\u0308dassi-2017.pdf\">T\u00e9l\u00e9charger<\/a><\/p>\n<p>CV Anglais: <a href=\"http:\/\/www.solenne-paidassi.com\/wp-content\/uploads\/2018\/02\/Bio-Solenne-Pai\u0308dassi-2017_EN.pdf\" rel=\"noopener\" target=\"_blank\">T\u00e9l\u00e9charger<\/a><\/p>\n<p>CV Allemand:\u00a0<a href=\"http:\/\/www.solenne-paidassi.com\/wp-content\/uploads\/2013\/03\/CV-German-Solenne-Paidassi.pdf\" target=\"_blank\">T\u00e9l\u00e9charger<\/a><a href=\"http:\/\/www.solenne-paidassi.com\/v2\/wp-content\/uploads\/2013\/03\/CV-German-Solenne-Paidassi.pdf\"><br \/>\n<\/a><\/p>\n<p><em>R\u00e9pertoire:<\/em><\/p>\n<p>R\u00e9pertoire Fran\u00e7ais:\u00a0<a href=\"http:\/\/www.solenne-paidassi.com\/wp-content\/uploads\/2013\/03\/Repertoire-Francais-Solenne-Paidassi.pdf\" target=\"_blank\">T\u00e9l\u00e9charger<\/a><a href=\"http:\/\/www.solenne-paidassi.com\/v2\/wp-content\/uploads\/2013\/03\/Repertoire-Francais-Solenne-Paidassi.pdf\" target=\"_blank\"><br \/>\n<\/a><\/p>\n<p>R\u00e9pertoire Anglais:\u00a0<a href=\"http:\/\/www.solenne-paidassi.com\/wp-content\/uploads\/2014\/02\/Paidassi-Repertoire-ENG-2014_03.pdf\" target=\"_blank\">T\u00e9l\u00e9charger<\/a><a href=\"http:\/\/www.solenne-paidassi.com\/v2\/wp-content\/uploads\/2013\/03\/Repertoire-English-Solenne-Paidassi.pdf\" target=\"_blank\"><\/p>\n","protected":false},"excerpt":{"rendered":"<p>Dossiers de Presse: Dossier de Presse Fran\u00e7ais:\u00a0T\u00e9l\u00e9charger Dossier de Presse Anglais:\u00a0T\u00e9l\u00e9charger Biographies: CV Fran\u00e7ais: T\u00e9l\u00e9charger CV Anglais: T\u00e9l\u00e9charger CV Allemand:\u00a0T\u00e9l\u00e9charger R\u00e9pertoire: R\u00e9pertoire Fran\u00e7ais:\u00a0T\u00e9l\u00e9charger R\u00e9pertoire Anglais:\u00a0T\u00e9l\u00e9charger<\/p>\n","protected":false},"author":4,"featured_media":0,"parent":31,"menu_order":0,"comment_status":"open","ping_status":"closed","template":"","meta":[],"_links":{"self":[{"href":"https:\/\/www.solenne-paidassi.com\/index.php?rest_route=\/wp\/v2\/pages\/195"}],"collection":[{"href":"https:\/\/www.solenne-paidassi.com\/index.php?rest_route=\/wp\/v2\/pages"}],"about":[{"href":"https:\/\/www.solenne-paidassi.com\/index.php?rest_route=\/wp\/v2\/types\/page"}],"author":[{"embeddable":true,"href":"https:\/\/www.solenne-paidassi.com\/index.php?rest_route=\/wp\/v2\/users\/4"}],"replies":[{"embeddable":true,"href":"https:\/\/www.solenne-paidassi.com\/index.php?rest_route=%2Fwp%2Fv2%2Fcomments&post=195"}],"version-history":[{"count":43,"href":"https:\/\/www.solenne-paidassi.com\/index.php?rest_route=\/wp\/v2\/pages\/195\/revisions"}],"predecessor-version":[{"id":867,"href":"https:\/\/www.solenne-paidassi.com\/index.php?rest_route=\/wp\/v2\/pages\/195\/revisions\/867"}],"up":[{"embeddable":true,"href":"https:\/\/www.solenne-paidassi.com\/index.php?rest_route=\/wp\/v2\/pages\/31"}],"wp:attachment":[{"href":"https:\/\/www.solenne-paidassi.com\/index.php?rest_route=%2Fwp%2Fv2%2Fmedia&parent=195"}],"curies":[{"name":"wp","href":"https:\/\/api.w.org\/{rel}","templated":true}]}}