
{"id":157,"date":"2013-03-18T10:05:00","date_gmt":"2013-03-18T10:05:00","guid":{"rendered":"http:\/\/www.solenne-paidassi.com\/v2\/?page_id=157"},"modified":"2021-08-23T08:18:26","modified_gmt":"2021-08-23T08:18:26","slug":"biographie","status":"publish","type":"page","link":"https:\/\/www.solenne-paidassi.com\/?page_id=157","title":{"rendered":"Biographie"},"content":{"rendered":"<p>Solenne Pa\u00efdassi, violoniste<\/p>\n<p><em>\u00ab Le triomphe de la lumi\u00e8re. La souplesse et la g\u00e9n\u00e9rosit\u00e9 de la soliste s&#8217;y expriment<br \/>\nsans mani\u00e9risme d\u00e8s l&#8217;entame. On s&#8217;y d\u00e9lecte d&#8217;une corde de mi aff\u00fbt\u00e9e et chaleureuse \u00e0<br \/>\nla fois. Le violon plane ensuite au-dessus d&#8217;une \u00e9l\u00e9gante barcarolle et offre un \u00e9loquent<br \/>\ndiscours dans le maestoso moderato, avec un souci de clart\u00e9 jusque dans les arp\u00e8ges<br \/>\nfusants. \u00bb Derni\u00e8res Nouvelles d\u2019Alsace \u2013 Juin 2012<\/em><\/p>\n<p>La violoniste fran\u00e7aise Solenne Pa\u00efdassi a remport\u00e9 le Concours Long-Thibaud 2010. Elle<br \/>\nest R\u00e9v\u00e9lation Classique de l\u2019Adami 2012. Elle a \u00e9t\u00e9 r\u00e9compens\u00e9e par de nombreux prix,<br \/>\nen France et \u00e0 l&#8217;\u00e9tranger, entre autres au Concours International de Hanovre 2009, au<br \/>\nconcours Sion-Valais, et le concours Gyeongnam en Cor\u00e9e site. Elle a \u00e9t\u00e9 diffus\u00e9e par les<br \/>\nstations de radio France Musique, Deutschlandradio Kultur et NDR Kultur. En 2012 elle a<br \/>\njou\u00e9 un concert retransmis \u00e0 la radio S\u00fcdWestRundfunk, avec le Radio-Sinfonieorchester<br \/>\nde Stuttgart. Elle a \u00e9t\u00e9 l\u2019invit\u00e9e de nombreuses \u00e9missions sur France Musique, dont les<br \/>\n\u00e9missions de Ga\u00eblle Le Gallic et Fr\u00e9d\u00e9ric Lod\u00e9on. Elle joue un violon de Giovanni Battista<br \/>\nGuadagnini de 1784 pr\u00eat\u00e9 par la fondation Zilber Vatelot Rampal.<\/p>\n<p>Solenne Pa\u00efdassi a d\u00e9j\u00e0 donn\u00e9 concerts et r\u00e9citals partout dans le monde. Sa carri\u00e8re l&#8217;a<br \/>\nd\u00e9j\u00e0 amen\u00e9e \u00e0 jouer dans les salles les plus prestigieuses. Elle a jou\u00e9 au Tonhalle de<br \/>\nZ\u00fcrich, au Carnegie Hall de New York, au Concertgebouw d&#8217;Amsterdam, salle Gaveau \u00e0<br \/>\nParis et a particip\u00e9 \u00e0 de nombreux festivals web, tels que le Festival International de Colmars,<br \/>\nle Festival Radio-France de Montpellier, \u201cla Folle Journ\u00e9e\u201d, le Festival International de<br \/>\nMusique de Tongyeong, le Festival International de Sion Valais. Elle a collabor\u00e9 comme<br \/>\nsoliste avec des orchestres tels que l\u2019Orchestre Philharmonique de Radio-France,<br \/>\nl&#8217;Orchestre Sinfonia Varsovia, l&#8217;Orchestre Philharmonique de Montpellier, l\u2019Orchestre<br \/>\nNationale&#8230; sous la direction de chefs renomm\u00e9s, entre autres Lawrence Foster, Shlomo<br \/>\nMintz, Vladimir Spivakov, Darell Ang.<\/p>\n<p>Apr\u00e8s avoir termin\u00e9 ses \u00e9tudes aux Conservatoires de Nice et Gen\u00e8ve, puis \u00e0 la Royal<br \/>\nAcademy de Londres et au Curtis Institute of Music de Philadelphie, elle a obtenu un<br \/>\ndipl\u00f4me de K\u00fcnstlerische Ausbildung de la Hochschule f\u00fcr Musik und Theater de Hanovre.<\/p>\n<p>Son premier CD, aux c\u00f4t\u00e9s du pianiste Laurent Wagschal consacr\u00e9 aux sonates de<br \/>\nFranck, Piern\u00e9, Saint-Sa\u00ebns, est paru en 2013 chez le label Ind\u00e9sens. Son<br \/>\nenregistrement autour de Stravinsky et Szymanowski avec le pianiste Fr\u00e9d\u00e9ric VaysseKnitter<br \/>\nsorti \u00e0 l\u2019automne 2014 chez Apart\u00e9 re\u00e7oit un accueil tr\u00e8s \u00e9logieux de la presse,<br \/>\nnotamment un CHOC Classica<\/p>\n","protected":false},"excerpt":{"rendered":"<p>Solenne Pa\u00efdassi, violoniste \u00ab Le triomphe de la lumi\u00e8re. La souplesse et la g\u00e9n\u00e9rosit\u00e9 de la soliste s&#8217;y expriment sans mani\u00e9risme d\u00e8s l&#8217;entame. On s&#8217;y d\u00e9lecte d&#8217;une corde de mi aff\u00fbt\u00e9e et chaleureuse \u00e0 la fois. Le violon plane ensuite au-dessus d&#8217;une \u00e9l\u00e9gante barcarolle et [&hellip;]<\/p>\n","protected":false},"author":4,"featured_media":0,"parent":15,"menu_order":0,"comment_status":"open","ping_status":"closed","template":"","meta":[],"_links":{"self":[{"href":"https:\/\/www.solenne-paidassi.com\/index.php?rest_route=\/wp\/v2\/pages\/157"}],"collection":[{"href":"https:\/\/www.solenne-paidassi.com\/index.php?rest_route=\/wp\/v2\/pages"}],"about":[{"href":"https:\/\/www.solenne-paidassi.com\/index.php?rest_route=\/wp\/v2\/types\/page"}],"author":[{"embeddable":true,"href":"https:\/\/www.solenne-paidassi.com\/index.php?rest_route=\/wp\/v2\/users\/4"}],"replies":[{"embeddable":true,"href":"https:\/\/www.solenne-paidassi.com\/index.php?rest_route=%2Fwp%2Fv2%2Fcomments&post=157"}],"version-history":[{"count":30,"href":"https:\/\/www.solenne-paidassi.com\/index.php?rest_route=\/wp\/v2\/pages\/157\/revisions"}],"predecessor-version":[{"id":1236,"href":"https:\/\/www.solenne-paidassi.com\/index.php?rest_route=\/wp\/v2\/pages\/157\/revisions\/1236"}],"up":[{"embeddable":true,"href":"https:\/\/www.solenne-paidassi.com\/index.php?rest_route=\/wp\/v2\/pages\/15"}],"wp:attachment":[{"href":"https:\/\/www.solenne-paidassi.com\/index.php?rest_route=%2Fwp%2Fv2%2Fmedia&parent=157"}],"curies":[{"name":"wp","href":"https:\/\/api.w.org\/{rel}","templated":true}]}}